{"id":6,"date":"2018-10-18T22:02:42","date_gmt":"2018-10-18T22:02:42","guid":{"rendered":"https:\/\/haus-rheinblick.ch\/?page_id=6"},"modified":"2023-01-26T01:48:14","modified_gmt":"2023-01-26T01:48:14","slug":"startseite","status":"publish","type":"page","link":"https:\/\/haus-rheinblick.ch\/","title":{"rendered":"Startseite"},"content":{"rendered":"<p><span style=\"color: #000000; font-family: verdana, geneva, sans-serif; font-size: 14pt;\"><strong>Herzlich Willkommen<\/strong><\/span><\/p>\n<p><img fetchpriority=\"high\" decoding=\"async\" class=\"wp-image-112 size-medium alignright\" title=\"freie Pl\u00e4tze\" src=\"https:\/\/haus-rheinblick.ch\/wp-content\/themes\/onepress\/img\/plaetze-frei.png\" alt=\"\" width=\"300\" height=\"300\" \/><span style=\"color: #000000; font-family: verdana, geneva, sans-serif; font-size: 12pt;\"><span lang=\"DE-CH\"><br \/>\n<\/span><\/span><\/p>\n<p style=\"text-align: left;\"><span style=\"color: #000000; font-family: verdana, geneva, sans-serif; font-size: 12pt;\"><span lang=\"DE-CH\">Das Haus Rheinblick ist ein Alters- und Pflegeheim, mit famili\u00e4rer Wohnform, in ruhiger Lage, <\/span><span lang=\"DE-CH\">direkt am sch\u00f6nen Rhein <b>mit kantonaler Anerkennung<\/b>.<\/span><\/span><\/p>\n<p><span style=\"margin: 0px; color: #000000; font-family: 'Verdana',sans-serif; font-size: 12.0pt;\">In gem\u00fctlicher Atmosph\u00e4re finden 20 pflegebed\u00fcrftige Menschen ein Zuhause.<\/span><\/p>\n<p><span style=\"margin: 0px; color: #000000; font-family: 'Verdana',sans-serif; font-size: 12.0pt;\">Wir respektieren die Eigenst\u00e4ndigkeit unserer Bewohner, erkennen und f\u00f6rdern Ihre Ressourcen.<\/span><\/p>\n<p><span style=\"margin: 0px; color: #000000; font-family: 'Verdana',sans-serif; font-size: 12.0pt;\">Gerne laden wir Sie ein, den Rheinblick pers\u00f6nlich kennen zu lernen und freuen uns auf Ihren Besuch.<\/span><\/p>\n<p><span style=\"margin: 0px; color: #000000; font-family: 'Verdana',sans-serif; font-size: 12.0pt;\">Ihr Haus Rheinblick Team<\/span><\/p>\n","protected":false},"excerpt":{"rendered":"<p>Herzlich Willkommen Das Haus Rheinblick ist ein Alters- und Pflegeheim, mit famili\u00e4rer Wohnform, in ruhiger Lage, direkt am sch\u00f6nen Rhein mit kantonaler Anerkennung. In gem\u00fctlicher Atmosph\u00e4re finden 20 pflegebed\u00fcrftige Menschen &#8230;<\/p>\n","protected":false},"author":1,"featured_media":0,"parent":0,"menu_order":0,"comment_status":"closed","ping_status":"closed","template":"","meta":{"footnotes":""},"class_list":["post-6","page","type-page","status-publish","hentry"],"_links":{"self":[{"href":"https:\/\/haus-rheinblick.ch\/index.php?rest_route=\/wp\/v2\/pages\/6","targetHints":{"allow":["GET"]}}],"collection":[{"href":"https:\/\/haus-rheinblick.ch\/index.php?rest_route=\/wp\/v2\/pages"}],"about":[{"href":"https:\/\/haus-rheinblick.ch\/index.php?rest_route=\/wp\/v2\/types\/page"}],"author":[{"embeddable":true,"href":"https:\/\/haus-rheinblick.ch\/index.php?rest_route=\/wp\/v2\/users\/1"}],"replies":[{"embeddable":true,"href":"https:\/\/haus-rheinblick.ch\/index.php?rest_route=%2Fwp%2Fv2%2Fcomments&post=6"}],"version-history":[{"count":49,"href":"https:\/\/haus-rheinblick.ch\/index.php?rest_route=\/wp\/v2\/pages\/6\/revisions"}],"predecessor-version":[{"id":816,"href":"https:\/\/haus-rheinblick.ch\/index.php?rest_route=\/wp\/v2\/pages\/6\/revisions\/816"}],"wp:attachment":[{"href":"https:\/\/haus-rheinblick.ch\/index.php?rest_route=%2Fwp%2Fv2%2Fmedia&parent=6"}],"curies":[{"name":"wp","href":"https:\/\/api.w.org\/{rel}","templated":true}]}}